{"id":22,"date":"2021-05-31T18:47:13","date_gmt":"2021-05-31T16:47:13","guid":{"rendered":"http:\/\/strefaistnienia.pl\/?page_id=22"},"modified":"2026-01-11T12:44:52","modified_gmt":"2026-01-11T11:44:52","slug":"o-nas","status":"publish","type":"page","link":"https:\/\/Strefaistnienia.pl\/?page_id=22","title":{"rendered":"O mnie"},"content":{"rendered":"<figure><\/figure>\n<p><img fetchpriority=\"high\" decoding=\"async\" class=\"alignnone size-full wp-image-1038\" src=\"https:\/\/Strefaistnienia.pl\/wp-content\/uploads\/2026\/01\/EMK1.jpg\" alt=\"\" width=\"980\" height=\"979\" srcset=\"https:\/\/Strefaistnienia.pl\/wp-content\/uploads\/2026\/01\/EMK1.jpg 980w, https:\/\/Strefaistnienia.pl\/wp-content\/uploads\/2026\/01\/EMK1-300x300.jpg 300w, https:\/\/Strefaistnienia.pl\/wp-content\/uploads\/2026\/01\/EMK1-150x150.jpg 150w, https:\/\/Strefaistnienia.pl\/wp-content\/uploads\/2026\/01\/EMK1-768x767.jpg 768w\" sizes=\"(max-width: 980px) 100vw, 980px\" \/><\/p>\n<p style=\"text-align: center;\"><strong>O mnie <\/strong><\/p>\n<p style=\"text-align: center;\">Nazywam si\u0119 Ewa Michalik \u2013 Karda\u015b\u00a0<\/p>\n<p style=\"text-align: center;\"><strong>Zawodowo: terapeutka medycyny naturalnej (naturopata), oraz energoterapeutka (bioenergoterapia). <br \/>W obu zawodach mam stopnie mistrzowskie \ud83d\ude42<\/strong><\/p>\n<p>Mi\u0119dzynarodowa instruktorka oddechu metod\u0105 Butejki.<\/p>\n<p style=\"text-align: center;\"><strong>Pracuj\u0119 te\u017c w du\u017cym centrum laryngologicznym jako Terapeutka Oddechu.<\/strong><\/p>\n<p style=\"text-align: center;\"><strong>Wspieram oraz prowadz\u0119 Ludzi w procesie powracania do zdrowia i utrzymania zdrowia, edukuj\u0119 w tematach zdrowotnych, spo\u0142ecznych i relacyjnych, prowadz\u0119 warsztaty z M\u0142odzie\u017c\u0105<\/strong><br \/><strong>oraz treningi SamoOchrony<\/strong><\/p>\n<p style=\"text-align: center;\">***<\/p>\n<p style=\"text-align: center;\">Od najm\u0142odszych lat w moim \u017cyciu dzia\u0142y si\u0119 rzeczy niezwyk\u0142e. <br \/>Czyta\u0142am mi\u0119dzy wierszami, czu\u0142am i dostrzega\u0142am to, co dla wielu pozostawa\u0142o niezauwa\u017cone, mia\u0142am w sobie wiele delikatno\u015bci, wra\u017cliwo\u015bci, empatii, ciekawo\u015bci, odwagi i dzieci\u0119cej frajdy w do\u015bwiadczaniu.\u00a0<br \/>Z zaciekawieniem odkrywa\u0142am zale\u017cno\u015bci wyst\u0119puj\u0105ce w ludzkich organizmach, tak\u017ce w po\u0142\u0105czeniu z ich uwarunkowaniami rodzinnymi, spo\u0142ecznymi, kulturowymi oraz z pozosta\u0142ym otoczeniem. <br \/>Poddawa\u0142am w w\u0105tpliwo\u015b\u0107 s\u0142uszno\u015b\u0107 wielu spo\u0142ecznie powtarzanych wzorc\u00f3w, gdy\u017c widzia\u0142am w nich absurd i szkodliwo\u015b\u0107.<\/p>\n<p style=\"text-align: center;\">\u00a0Zadawa\u0142am coraz wi\u0119cej pyta\u0144.<br \/>Po co? W jakim celu? Jak? Dlaczego? Sk\u0105d? W jaki spos\u00f3b? Czy na pewno?<\/p>\n<p style=\"text-align: center;\">Interesowa\u0142a mnie g\u0142\u00f3wnie egzystencja. Istnienie. <br \/>Regu\u0142y, schematy i to, co poza nimi.<strong><br \/><\/strong>Zar\u00f3wno pod k\u0105tem organicznym, spo\u0142ecznym, jak i filozoficznym.<br \/>Przestrze\u0144 &#8222;wiem&#8221; i &#8222;nie wiem&#8221;<\/p>\n<p style=\"text-align: center;\">Odkrywa\u0142am i odkrywam regu\u0142y, nawyki, schematy, zale\u017cno\u015bci, mechanizmy jakie kieruj\u0105 lud\u017ami w kontek\u015bcie dzia\u0142ania ludzkich organizm\u00f3w, relacji mi\u0119dzyludzkich oraz nawyk\u00f3w kulturowych.<br \/>Analizuj\u0119 i ciekawi mnie ich wp\u0142yw na zdrowie, komfort i bezpiecze\u0144stwo.<\/p>\n<p style=\"text-align: center;\">W \u017cyciu rzadko id\u0119 utartymi szlakami, przecieram cz\u0119sto nowe.\u00a0<br \/>Cechuje mnie nieszablonowe podej\u015bcie i my\u015blenie.<br \/>Jestem typem odkrywcy oraz prekursora. <br \/>Dzia\u0142am z du\u017c\u0105 precyzj\u0105 i skuteczno\u015bci\u0105, jako:<\/p>\n<p style=\"text-align: center;\">&#8211; liderka i przewodniczka.<br \/>&#8211; analityczka, mi\u0142o\u015bniczka logiki oraz cz\u0142owiek intuicji i czucia.<br \/>&#8211; nauczycielka i ucze\u0144.<\/p>\n<p style=\"text-align: center;\">Jestem tak\u017ce absolwentk\u0105 dw\u00f3ch kierunk\u00f3w Politechniki Warszawskiej, pracuj\u0105c\u0105 wiele lat analitycznie w tematach in\u017cynieryjnych.<\/p>\n<p style=\"text-align: center;\">*<\/p>\n<p style=\"text-align: center;\">Odkrywczo\u015b\u0107, spostrzegawczo\u015b\u0107,\u00a0 logika, wyczucie, \u0142\u0105czenie kropek, dostrzeganie schemat\u00f3w, obszar\u00f3w i miejsc wymagaj\u0105cych wyleczenia oraz skuteczne dobieranie form terapii &#8211; to moje dary i talenty.<\/p>\n<p style=\"text-align: center;\">\u00a0Uzdrowienie\/ poprawa jako\u015bci zdrowia i \u017cycia s\u0105 w zasi\u0119gu wi\u0119kszo\u015bci Ludzi. Wystarcz\u0105 wiedza, zrozumienie, wyb\u00f3r, narz\u0119dzia, praca i umiej\u0119tne ich stosowanie oraz czasem: pomoc specjalisty \ud83d\ude42<\/p>\n<p style=\"text-align: center;\">Wyleczy\u0142am si\u0119 za pomoc\u0105 narz\u0119dzi, kt\u00f3rymi operuj\u0119 z wielu problem\u00f3w. Zdrowotnych i \u017cyciowych.<\/p>\n<p style=\"text-align: center;\">***<\/p>\n<p style=\"text-align: center;\">Mam za sob\u0105 gro lat osobistych do\u015bwiadcze\u0144 w obcowaniu i pracy z energi\u0105, oddechem, nawykami, uzale\u017cnieniami, emocjami, my\u015blami, nastawieniem, interpretacjami, odczuciami w ciele, b\u00f3lami psychosomatycznymi i somatycznymi, postaw\u0105 cia\u0142a, blokadami w ciele, atakami paniki, stanami l\u0119kowymi, depresjami, skrajnymi emocjami, fizycznymi objawami wielu chor\u00f3b w ciele &#8211; cz\u0119sto wynikaj\u0105cymi ze stresu, nieodpowiedniej higieny \u017cycia (oddech, odpoczynek, dieta, ruch i inne &#8222;przypad\u0142o\u015bci&#8221;)<\/p>\n<p style=\"text-align: center;\">Poradzi\u0142am sobie (i nadal sobie radz\u0119).<br \/>Nauczy\u0142am si\u0119 (i nadal si\u0119 ucz\u0119). <br \/>Wyregulowa\u0142am (i nadal reguluj\u0119).\u00a0<br \/>Jestem do\u015bwiadczonym praktykiem.<br \/>Sta\u0142am si\u0119 dla siebie uzdrowicielk\u0105 i mistrzem.<\/p>\n<p style=\"text-align: center;\">I z czasem sta\u0142am wsparciem dla innych Os\u00f3b w odnalezieniu tego w sobie.<\/p>\n<p style=\"text-align: center;\"><strong>Mam w sobie szczer\u0105 ch\u0119\u0107 dostarczenia pomocy, <br \/>gdy Kto\u015b jej u mnie szuka.<\/strong><\/p>\n<p style=\"text-align: center;\">Nie podejmuj\u0119 si\u0119 zada\u0144, kt\u00f3re nie s\u0105 dla mnie. Jestem rozs\u0105dna i etyczna.<\/p>\n<p style=\"text-align: center;\">Kocham swoj\u0105 prac\u0119 za mo\u017cliwo\u015b\u0107 bycia z Lud\u017ami, realizowania pasji, bycie w ruchu, rozwoju, odkrywanie i do\u015bwiadczanie. Wisienk\u0105 na torcie jest to, co dostaj\u0119 w zamian od Ludzi: u\u015bmiech oraz to, \u017ce odnajduj\u0105 swoj\u0105 moc, si\u0142\u0119, sprawczo\u015b\u0107 i prawdziwych siebie.<\/p>\n<p style=\"text-align: center;\"><strong><span style=\"color: #339966;\">Je\u015bli szukasz kompleksowych dzia\u0142a\u0144, holistycznego spojrzenia, sprawczo\u015bci, wiedzy, do\u015bwiadczonego praktyka, przewodnika i terapeuty, skutecznych narz\u0119dzi terapeutycznych i jeste\u015b gotowy\/a wzi\u0105\u0107 odpowiedzialno\u015b\u0107 z swoje \u017cycie i wprowadza\u0107 w nim zmiany &#8211; zapraszam<\/span><\/strong><br \/><strong><span style=\"color: #339966;\">Zobaczymy, czy jest nam razem dobrze, skutecznie i po drodze&#8230; \ud83d\ude42<\/span><\/strong><\/p>\n<p style=\"text-align: center;\"><strong><span style=\"color: #339966;\">***<\/span><\/strong><\/p>\n\n\n<p class=\"has-text-align-center\"><\/p>\n\n\n\n<p><\/p>\n","protected":false},"excerpt":{"rendered":"<p>O mnie Nazywam si\u0119 Ewa Michalik \u2013 Karda\u015b\u00a0 Zawodowo: terapeutka medycyny naturalnej (naturopata), oraz energoterapeutka (bioenergoterapia). W obu zawodach mam stopnie mistrzowskie \ud83d\ude42 Mi\u0119dzynarodowa instruktorka oddechu metod\u0105 Butejki. Pracuj\u0119 te\u017c w du\u017cym centrum laryngologicznym jako Terapeutka Oddechu. Wspieram oraz prowadz\u0119 Ludzi w procesie powracania do zdrowia i utrzymania zdrowia, edukuj\u0119 w tematach zdrowotnych, spo\u0142ecznych i [&hellip;]<\/p>\n","protected":false},"author":1,"featured_media":0,"parent":0,"menu_order":0,"comment_status":"closed","ping_status":"closed","template":"","meta":{"_mc_calendar":[],"footnotes":""},"class_list":["post-22","page","type-page","status-publish","hentry"],"yoast_head":"<!-- This site is optimized with the Yoast SEO plugin v25.1 - https:\/\/yoast.com\/wordpress\/plugins\/seo\/ -->\n<title>O mnie - Strefa Istnienia<\/title>\n<meta name=\"robots\" content=\"index, follow, max-snippet:-1, max-image-preview:large, max-video-preview:-1\" \/>\n<link rel=\"canonical\" href=\"https:\/\/Strefaistnienia.pl\/?page_id=22\" \/>\n<meta property=\"og:locale\" content=\"pl_PL\" \/>\n<meta property=\"og:type\" content=\"article\" \/>\n<meta property=\"og:title\" content=\"O mnie - Strefa Istnienia\" \/>\n<meta property=\"og:description\" content=\"O mnie Nazywam si\u0119 Ewa Michalik \u2013 Karda\u015b\u00a0 Zawodowo: terapeutka medycyny naturalnej (naturopata), oraz energoterapeutka (bioenergoterapia). W obu zawodach mam stopnie mistrzowskie \ud83d\ude42 Mi\u0119dzynarodowa instruktorka oddechu metod\u0105 Butejki. Pracuj\u0119 te\u017c w du\u017cym centrum laryngologicznym jako Terapeutka Oddechu. Wspieram oraz prowadz\u0119 Ludzi w procesie powracania do zdrowia i utrzymania zdrowia, edukuj\u0119 w tematach zdrowotnych, spo\u0142ecznych i [&hellip;]\" \/>\n<meta property=\"og:url\" content=\"https:\/\/Strefaistnienia.pl\/?page_id=22\" \/>\n<meta property=\"og:site_name\" content=\"Strefa Istnienia\" \/>\n<meta property=\"article:modified_time\" content=\"2026-01-11T11:44:52+00:00\" \/>\n<meta property=\"og:image\" content=\"https:\/\/Strefaistnienia.pl\/wp-content\/uploads\/2026\/01\/EMK1.jpg\" \/>\n\t<meta property=\"og:image:width\" content=\"980\" \/>\n\t<meta property=\"og:image:height\" content=\"979\" \/>\n\t<meta property=\"og:image:type\" content=\"image\/jpeg\" \/>\n<meta name=\"twitter:card\" content=\"summary_large_image\" \/>\n<meta name=\"twitter:label1\" content=\"Szacowany czas czytania\" \/>\n\t<meta name=\"twitter:data1\" content=\"4 minuty\" \/>\n<script type=\"application\/ld+json\" class=\"yoast-schema-graph\">{\"@context\":\"https:\/\/schema.org\",\"@graph\":[{\"@type\":\"WebPage\",\"@id\":\"https:\/\/Strefaistnienia.pl\/?page_id=22\",\"url\":\"https:\/\/Strefaistnienia.pl\/?page_id=22\",\"name\":\"O mnie - Strefa Istnienia\",\"isPartOf\":{\"@id\":\"https:\/\/Strefaistnienia.pl\/#website\"},\"primaryImageOfPage\":{\"@id\":\"https:\/\/Strefaistnienia.pl\/?page_id=22#primaryimage\"},\"image\":{\"@id\":\"https:\/\/Strefaistnienia.pl\/?page_id=22#primaryimage\"},\"thumbnailUrl\":\"https:\/\/Strefaistnienia.pl\/wp-content\/uploads\/2026\/01\/EMK1.jpg\",\"datePublished\":\"2021-05-31T16:47:13+00:00\",\"dateModified\":\"2026-01-11T11:44:52+00:00\",\"breadcrumb\":{\"@id\":\"https:\/\/Strefaistnienia.pl\/?page_id=22#breadcrumb\"},\"inLanguage\":\"pl-PL\",\"potentialAction\":[{\"@type\":\"ReadAction\",\"target\":[\"https:\/\/Strefaistnienia.pl\/?page_id=22\"]}]},{\"@type\":\"ImageObject\",\"inLanguage\":\"pl-PL\",\"@id\":\"https:\/\/Strefaistnienia.pl\/?page_id=22#primaryimage\",\"url\":\"https:\/\/Strefaistnienia.pl\/wp-content\/uploads\/2026\/01\/EMK1.jpg\",\"contentUrl\":\"https:\/\/Strefaistnienia.pl\/wp-content\/uploads\/2026\/01\/EMK1.jpg\",\"width\":980,\"height\":979},{\"@type\":\"BreadcrumbList\",\"@id\":\"https:\/\/Strefaistnienia.pl\/?page_id=22#breadcrumb\",\"itemListElement\":[{\"@type\":\"ListItem\",\"position\":1,\"name\":\"Home\",\"item\":\"https:\/\/Strefaistnienia.pl\/\"},{\"@type\":\"ListItem\",\"position\":2,\"name\":\"O mnie\"}]},{\"@type\":\"WebSite\",\"@id\":\"https:\/\/Strefaistnienia.pl\/#website\",\"url\":\"https:\/\/Strefaistnienia.pl\/\",\"name\":\"Strefa Istnienia\",\"description\":\"\",\"publisher\":{\"@id\":\"https:\/\/Strefaistnienia.pl\/#organization\"},\"potentialAction\":[{\"@type\":\"SearchAction\",\"target\":{\"@type\":\"EntryPoint\",\"urlTemplate\":\"https:\/\/Strefaistnienia.pl\/?s={search_term_string}\"},\"query-input\":{\"@type\":\"PropertyValueSpecification\",\"valueRequired\":true,\"valueName\":\"search_term_string\"}}],\"inLanguage\":\"pl-PL\"},{\"@type\":\"Organization\",\"@id\":\"https:\/\/Strefaistnienia.pl\/#organization\",\"name\":\"Strefa Istnienia\",\"url\":\"https:\/\/Strefaistnienia.pl\/\",\"logo\":{\"@type\":\"ImageObject\",\"inLanguage\":\"pl-PL\",\"@id\":\"https:\/\/Strefaistnienia.pl\/#\/schema\/logo\/image\/\",\"url\":\"https:\/\/Strefaistnienia.pl\/wp-content\/uploads\/2024\/03\/cropped-cropped-logo-si.png\",\"contentUrl\":\"https:\/\/Strefaistnienia.pl\/wp-content\/uploads\/2024\/03\/cropped-cropped-logo-si.png\",\"width\":512,\"height\":512,\"caption\":\"Strefa Istnienia\"},\"image\":{\"@id\":\"https:\/\/Strefaistnienia.pl\/#\/schema\/logo\/image\/\"}}]}<\/script>\n<!-- \/ Yoast SEO plugin. -->","yoast_head_json":{"title":"O mnie - Strefa Istnienia","robots":{"index":"index","follow":"follow","max-snippet":"max-snippet:-1","max-image-preview":"max-image-preview:large","max-video-preview":"max-video-preview:-1"},"canonical":"https:\/\/Strefaistnienia.pl\/?page_id=22","og_locale":"pl_PL","og_type":"article","og_title":"O mnie - Strefa Istnienia","og_description":"O mnie Nazywam si\u0119 Ewa Michalik \u2013 Karda\u015b\u00a0 Zawodowo: terapeutka medycyny naturalnej (naturopata), oraz energoterapeutka (bioenergoterapia). W obu zawodach mam stopnie mistrzowskie \ud83d\ude42 Mi\u0119dzynarodowa instruktorka oddechu metod\u0105 Butejki. Pracuj\u0119 te\u017c w du\u017cym centrum laryngologicznym jako Terapeutka Oddechu. Wspieram oraz prowadz\u0119 Ludzi w procesie powracania do zdrowia i utrzymania zdrowia, edukuj\u0119 w tematach zdrowotnych, spo\u0142ecznych i [&hellip;]","og_url":"https:\/\/Strefaistnienia.pl\/?page_id=22","og_site_name":"Strefa Istnienia","article_modified_time":"2026-01-11T11:44:52+00:00","og_image":[{"width":980,"height":979,"url":"https:\/\/Strefaistnienia.pl\/wp-content\/uploads\/2026\/01\/EMK1.jpg","type":"image\/jpeg"}],"twitter_card":"summary_large_image","twitter_misc":{"Szacowany czas czytania":"4 minuty"},"schema":{"@context":"https:\/\/schema.org","@graph":[{"@type":"WebPage","@id":"https:\/\/Strefaistnienia.pl\/?page_id=22","url":"https:\/\/Strefaistnienia.pl\/?page_id=22","name":"O mnie - Strefa Istnienia","isPartOf":{"@id":"https:\/\/Strefaistnienia.pl\/#website"},"primaryImageOfPage":{"@id":"https:\/\/Strefaistnienia.pl\/?page_id=22#primaryimage"},"image":{"@id":"https:\/\/Strefaistnienia.pl\/?page_id=22#primaryimage"},"thumbnailUrl":"https:\/\/Strefaistnienia.pl\/wp-content\/uploads\/2026\/01\/EMK1.jpg","datePublished":"2021-05-31T16:47:13+00:00","dateModified":"2026-01-11T11:44:52+00:00","breadcrumb":{"@id":"https:\/\/Strefaistnienia.pl\/?page_id=22#breadcrumb"},"inLanguage":"pl-PL","potentialAction":[{"@type":"ReadAction","target":["https:\/\/Strefaistnienia.pl\/?page_id=22"]}]},{"@type":"ImageObject","inLanguage":"pl-PL","@id":"https:\/\/Strefaistnienia.pl\/?page_id=22#primaryimage","url":"https:\/\/Strefaistnienia.pl\/wp-content\/uploads\/2026\/01\/EMK1.jpg","contentUrl":"https:\/\/Strefaistnienia.pl\/wp-content\/uploads\/2026\/01\/EMK1.jpg","width":980,"height":979},{"@type":"BreadcrumbList","@id":"https:\/\/Strefaistnienia.pl\/?page_id=22#breadcrumb","itemListElement":[{"@type":"ListItem","position":1,"name":"Home","item":"https:\/\/Strefaistnienia.pl\/"},{"@type":"ListItem","position":2,"name":"O mnie"}]},{"@type":"WebSite","@id":"https:\/\/Strefaistnienia.pl\/#website","url":"https:\/\/Strefaistnienia.pl\/","name":"Strefa Istnienia","description":"","publisher":{"@id":"https:\/\/Strefaistnienia.pl\/#organization"},"potentialAction":[{"@type":"SearchAction","target":{"@type":"EntryPoint","urlTemplate":"https:\/\/Strefaistnienia.pl\/?s={search_term_string}"},"query-input":{"@type":"PropertyValueSpecification","valueRequired":true,"valueName":"search_term_string"}}],"inLanguage":"pl-PL"},{"@type":"Organization","@id":"https:\/\/Strefaistnienia.pl\/#organization","name":"Strefa Istnienia","url":"https:\/\/Strefaistnienia.pl\/","logo":{"@type":"ImageObject","inLanguage":"pl-PL","@id":"https:\/\/Strefaistnienia.pl\/#\/schema\/logo\/image\/","url":"https:\/\/Strefaistnienia.pl\/wp-content\/uploads\/2024\/03\/cropped-cropped-logo-si.png","contentUrl":"https:\/\/Strefaistnienia.pl\/wp-content\/uploads\/2024\/03\/cropped-cropped-logo-si.png","width":512,"height":512,"caption":"Strefa Istnienia"},"image":{"@id":"https:\/\/Strefaistnienia.pl\/#\/schema\/logo\/image\/"}}]}},"post_mailing_queue_ids":[],"_links":{"self":[{"href":"https:\/\/Strefaistnienia.pl\/index.php?rest_route=\/wp\/v2\/pages\/22","targetHints":{"allow":["GET"]}}],"collection":[{"href":"https:\/\/Strefaistnienia.pl\/index.php?rest_route=\/wp\/v2\/pages"}],"about":[{"href":"https:\/\/Strefaistnienia.pl\/index.php?rest_route=\/wp\/v2\/types\/page"}],"author":[{"embeddable":true,"href":"https:\/\/Strefaistnienia.pl\/index.php?rest_route=\/wp\/v2\/users\/1"}],"replies":[{"embeddable":true,"href":"https:\/\/Strefaistnienia.pl\/index.php?rest_route=%2Fwp%2Fv2%2Fcomments&post=22"}],"version-history":[{"count":52,"href":"https:\/\/Strefaistnienia.pl\/index.php?rest_route=\/wp\/v2\/pages\/22\/revisions"}],"predecessor-version":[{"id":1049,"href":"https:\/\/Strefaistnienia.pl\/index.php?rest_route=\/wp\/v2\/pages\/22\/revisions\/1049"}],"wp:attachment":[{"href":"https:\/\/Strefaistnienia.pl\/index.php?rest_route=%2Fwp%2Fv2%2Fmedia&parent=22"}],"curies":[{"name":"wp","href":"https:\/\/api.w.org\/{rel}","templated":true}]}}