{"id":563,"date":"2024-02-15T13:56:34","date_gmt":"2024-02-15T12:56:34","guid":{"rendered":"https:\/\/Strefaistnienia.pl\/?page_id=563"},"modified":"2025-11-10T16:59:03","modified_gmt":"2025-11-10T15:59:03","slug":"wynajem","status":"publish","type":"page","link":"https:\/\/Strefaistnienia.pl\/?page_id=563","title":{"rendered":"Wynajem"},"content":{"rendered":"\t\t<div data-elementor-type=\"wp-page\" data-elementor-id=\"563\" class=\"elementor elementor-563\">\n\t\t\t\t\t\t<section class=\"elementor-section elementor-top-section elementor-element elementor-element-43507bdb elementor-section-boxed elementor-section-height-default elementor-section-height-default\" data-id=\"43507bdb\" data-element_type=\"section\">\n\t\t\t\t\t\t<div class=\"elementor-container elementor-column-gap-default\">\n\t\t\t\t\t<div class=\"elementor-column elementor-col-100 elementor-top-column elementor-element elementor-element-f0162b7\" data-id=\"f0162b7\" data-element_type=\"column\">\n\t\t\t<div class=\"elementor-widget-wrap elementor-element-populated\">\n\t\t\t\t\t\t<div class=\"elementor-element elementor-element-20ac1b08 elementor-widget elementor-widget-text-editor\" data-id=\"20ac1b08\" data-element_type=\"widget\" data-widget_type=\"text-editor.default\">\n\t\t\t\t<div class=\"elementor-widget-container\">\n\t\t\t\t\t\t\t\t\t<p style=\"text-align: center;\"><strong><mark class=\"has-inline-color has-accent-color\" style=\"background-color: #f5efe0;\">Witaj w BAZIE Strefy Istnienia, czyli w klimatycznej przestrzeni spotka\u0144 i warsztat\u00f3w, z kt\u00f3rej mo\u017cesz skorzysta\u0107 wed\u0142ug Twoich potrzeb!<\/mark><\/strong><\/p>\n<p><!-- \/wp:paragraph --><!-- wp:image {\"id\":570,\"sizeSlug\":\"large\",\"linkDestination\":\"none\"} --><\/p>\n<figure class=\"wp-block-image size-large\"><img fetchpriority=\"high\" decoding=\"async\" width=\"1024\" height=\"768\" class=\"wp-image-570 aligncenter\" src=\"https:\/\/Strefaistnienia.pl\/wp-content\/uploads\/2024\/02\/20230807_143348-1024x768.jpg\" alt=\"\" srcset=\"https:\/\/Strefaistnienia.pl\/wp-content\/uploads\/2024\/02\/20230807_143348-1024x768.jpg 1024w, https:\/\/Strefaistnienia.pl\/wp-content\/uploads\/2024\/02\/20230807_143348-300x225.jpg 300w, https:\/\/Strefaistnienia.pl\/wp-content\/uploads\/2024\/02\/20230807_143348-768x576.jpg 768w, https:\/\/Strefaistnienia.pl\/wp-content\/uploads\/2024\/02\/20230807_143348-1536x1152.jpg 1536w, https:\/\/Strefaistnienia.pl\/wp-content\/uploads\/2024\/02\/20230807_143348-2048x1536.jpg 2048w, https:\/\/Strefaistnienia.pl\/wp-content\/uploads\/2024\/02\/20230807_143348-1200x900.jpg 1200w, https:\/\/Strefaistnienia.pl\/wp-content\/uploads\/2024\/02\/20230807_143348-1980x1485.jpg 1980w\" sizes=\"(max-width: 1024px) 100vw, 1024px\" \/><\/figure>\n<p><!-- \/wp:image --><!-- wp:paragraph --><\/p>\n<p style=\"text-align: center;\"><strong>Sala Warsztatowa<\/strong><\/p>\n<p><!-- \/wp:paragraph --><!-- wp:paragraph --><\/p>\n<p style=\"text-align: center;\">&#8222;BAZA&#8221; &#8211; Strefa Istnienia mie\u015bci si\u0119 niedaleko metra Imielin <br \/>(oko\u0142o 500 metr\u00f3w) na ulicy Szczuki.<\/p>\n<p style=\"text-align: center;\">Ca\u0142o\u015b\u0107 przestrzeni ma 45 m2, a sama <strong>cz\u0119\u015b\u0107 warsztatowa<\/strong> <strong>oko\u0142o 17 m2<\/strong>.<br \/>W cz\u0119\u015bci warsztatowej jest worek treningowy (mo\u017cna zdj\u0105\u0107), drabinka, poduszki do siedzenia, \u0142awa, krzes\u0142a, du\u017ce lustra.<br \/>Do dyspozycji jest tak\u017ce rozk\u0142adany st\u00f3\u0142 <br \/>(dla oko\u0142o 10 os\u00f3b).<br \/>Opcjonalnie jest tak\u017ce mo\u017cliwo\u015b\u0107 roz\u0142o\u017cenia mat treningowych* na pod\u0142odze.<\/p>\n<p><!-- \/wp:paragraph --><!-- wp:paragraph --><\/p>\n<p style=\"text-align: center;\"><strong>Przestrze\u0144 idealna dla kameralnych zaj\u0119\u0107 ruchowych, medytacyjnych, spotka\u0144 warsztatowych i wyk\u0142adowych oraz dla innych typ\u00f3w spotka\u0144, takich jak urodziny, imprezy tematyczne<\/strong><\/p>\n<p><!-- \/wp:paragraph --><!-- wp:paragraph --><\/p>\n<p style=\"text-align: center;\">Lokal wyposa\u017cony jest w klimatyczne o\u015bwietlenie w r\u00f3\u017cnych barwach i ma dobr\u0105 energi\u0119, kt\u00f3r\u0105 \u0142atwo wyczu\u0107.<\/p>\n<p style=\"text-align: center;\">Jest dost\u0119pna ubikacja i zlew, nie ma prysznica.<br \/>Lokal ma te\u017c prowizoryczn\u0105 kuchni\u0119 &#8211; wi\u0119c istnieje opcja robienia sobie kawy\/herbaty, lub skorzystania z talerzy w celu konsumpcji przek\u0105sek.<\/p>\n<p><!-- \/wp:paragraph --><!-- wp:paragraph --><\/p>\n<p style=\"text-align: center;\">Jest mo\u017cliwo\u015b\u0107 u\u017cycia rzutnika i prowadzenie warsztat\u00f3w tak\u017ce z jego pomoc\u0105.<\/p>\n<p style=\"text-align: center;\">*Korzystanie z dodatkowych element\u00f3w wyposa\u017cenia sali poza sanitariatami, sto\u0142em, krzes\u0142ami, czajnikiem, kubkami, talerzami, sztu\u0107cami, poduszkami, drabink\u0105 &#8211; przy dodatkowych ustaleniach finansowych<\/p>\n<p><!-- \/wp:paragraph --><!-- wp:paragraph --><\/p>\n<p style=\"text-align: center;\"><strong>Najem:<\/strong> <br \/><strong>1-3 h zegarowe<\/strong>: <mark class=\"has-inline-color\" style=\"background-color: #dcd7ca;\">77 z\u0142\/h (netto=brutto)<\/mark>,<br \/><strong>powy\u017cej 3h (godziny 4-7)<\/strong>: <mark class=\"has-inline-color\" style=\"background-color: #dcd7ca;\">66 z\u0142\/h<\/mark><br \/><strong>dzie\u0144 warsztatowy (8h)<\/strong>: <mark class=\"has-inline-color\" style=\"background-color: #dcd7ca;\">505 z\u0142\/h<\/mark><\/p>\n<p style=\"text-align: center;\">tel.: 694\u00a0127\u00a0747<br \/>e-mail: <a href=\"mailto:biuro.strefaistnienia@gmail.com\">biuro.strefaistnienia@gmail.com<\/a><\/p>\n<p style=\"text-align: center;\"><!-- \/wp:paragraph --><!-- wp:gallery {\"linkTo\":\"none\"} --><\/p>\n<figure class=\"wp-block-gallery has-nested-images columns-default is-cropped\"><!-- wp:image {\"id\":568,\"sizeSlug\":\"large\",\"linkDestination\":\"none\"} -->\n<p>\u00a0<\/p>\n<p style=\"text-align: center;\">\u00a0<\/p>\n<figure class=\"wp-block-image size-large\"><img decoding=\"async\" width=\"1024\" height=\"768\" class=\"wp-image-568 aligncenter\" src=\"https:\/\/Strefaistnienia.pl\/wp-content\/uploads\/2024\/02\/20230807_143356-1-1024x768.jpg\" alt=\"\" srcset=\"https:\/\/Strefaistnienia.pl\/wp-content\/uploads\/2024\/02\/20230807_143356-1-1024x768.jpg 1024w, https:\/\/Strefaistnienia.pl\/wp-content\/uploads\/2024\/02\/20230807_143356-1-300x225.jpg 300w, https:\/\/Strefaistnienia.pl\/wp-content\/uploads\/2024\/02\/20230807_143356-1-768x576.jpg 768w, https:\/\/Strefaistnienia.pl\/wp-content\/uploads\/2024\/02\/20230807_143356-1-1536x1152.jpg 1536w, https:\/\/Strefaistnienia.pl\/wp-content\/uploads\/2024\/02\/20230807_143356-1-2048x1536.jpg 2048w, https:\/\/Strefaistnienia.pl\/wp-content\/uploads\/2024\/02\/20230807_143356-1-1200x900.jpg 1200w, https:\/\/Strefaistnienia.pl\/wp-content\/uploads\/2024\/02\/20230807_143356-1-1980x1485.jpg 1980w\" sizes=\"(max-width: 1024px) 100vw, 1024px\" \/><\/figure>\n<p><!-- \/wp:image --><!-- wp:image {\"id\":569,\"sizeSlug\":\"large\",\"linkDestination\":\"none\"} --><\/p>\n<figure class=\"wp-block-image size-large\"><img decoding=\"async\" width=\"1024\" height=\"768\" class=\"wp-image-569 aligncenter\" src=\"https:\/\/Strefaistnienia.pl\/wp-content\/uploads\/2024\/02\/20231127_101826-1-1024x768.jpg\" alt=\"\" srcset=\"https:\/\/Strefaistnienia.pl\/wp-content\/uploads\/2024\/02\/20231127_101826-1-1024x768.jpg 1024w, https:\/\/Strefaistnienia.pl\/wp-content\/uploads\/2024\/02\/20231127_101826-1-300x225.jpg 300w, https:\/\/Strefaistnienia.pl\/wp-content\/uploads\/2024\/02\/20231127_101826-1-768x576.jpg 768w, https:\/\/Strefaistnienia.pl\/wp-content\/uploads\/2024\/02\/20231127_101826-1-1536x1152.jpg 1536w, https:\/\/Strefaistnienia.pl\/wp-content\/uploads\/2024\/02\/20231127_101826-1-2048x1536.jpg 2048w, https:\/\/Strefaistnienia.pl\/wp-content\/uploads\/2024\/02\/20231127_101826-1-1200x900.jpg 1200w, https:\/\/Strefaistnienia.pl\/wp-content\/uploads\/2024\/02\/20231127_101826-1-1980x1485.jpg 1980w\" sizes=\"(max-width: 1024px) 100vw, 1024px\" \/><\/figure>\n<p><!-- \/wp:image --><!-- wp:image {\"id\":567,\"sizeSlug\":\"large\",\"linkDestination\":\"none\"} --><\/p>\n<figure class=\"wp-block-image size-large\"><img loading=\"lazy\" decoding=\"async\" width=\"768\" height=\"1024\" class=\"wp-image-567 aligncenter\" src=\"https:\/\/Strefaistnienia.pl\/wp-content\/uploads\/2024\/02\/20240126_211828-768x1024.jpg\" alt=\"\" srcset=\"https:\/\/Strefaistnienia.pl\/wp-content\/uploads\/2024\/02\/20240126_211828-768x1024.jpg 768w, https:\/\/Strefaistnienia.pl\/wp-content\/uploads\/2024\/02\/20240126_211828-225x300.jpg 225w, https:\/\/Strefaistnienia.pl\/wp-content\/uploads\/2024\/02\/20240126_211828-1152x1536.jpg 1152w, https:\/\/Strefaistnienia.pl\/wp-content\/uploads\/2024\/02\/20240126_211828-1536x2048.jpg 1536w, https:\/\/Strefaistnienia.pl\/wp-content\/uploads\/2024\/02\/20240126_211828-1200x1600.jpg 1200w, https:\/\/Strefaistnienia.pl\/wp-content\/uploads\/2024\/02\/20240126_211828-1980x2640.jpg 1980w, https:\/\/Strefaistnienia.pl\/wp-content\/uploads\/2024\/02\/20240126_211828-scaled.jpg 1920w\" sizes=\"(max-width: 768px) 100vw, 768px\" \/><\/figure>\n<p><!-- \/wp:image --><\/p>\n<\/figure>\n<p><!-- \/wp:gallery --><\/p>\t\t\t\t\t\t\t\t<\/div>\n\t\t\t\t<\/div>\n\t\t\t\t\t<\/div>\n\t\t<\/div>\n\t\t\t\t\t<\/div>\n\t\t<\/section>\n\t\t\t\t<\/div>\n\t\t","protected":false},"excerpt":{"rendered":"<p>Witaj w BAZIE Strefy Istnienia, czyli w klimatycznej przestrzeni spotka\u0144 i warsztat\u00f3w, z kt\u00f3rej mo\u017cesz skorzysta\u0107 wed\u0142ug Twoich potrzeb! Sala Warsztatowa &#8222;BAZA&#8221; &#8211; Strefa Istnienia mie\u015bci si\u0119 niedaleko metra Imielin (oko\u0142o 500 metr\u00f3w) na ulicy Szczuki. Ca\u0142o\u015b\u0107 przestrzeni ma 45 m2, a sama cz\u0119\u015b\u0107 warsztatowa oko\u0142o 17 m2.W cz\u0119\u015bci warsztatowej jest worek treningowy (mo\u017cna zdj\u0105\u0107), [&hellip;]<\/p>\n","protected":false},"author":2,"featured_media":0,"parent":0,"menu_order":0,"comment_status":"closed","ping_status":"closed","template":"","meta":{"_mc_calendar":[],"footnotes":""},"class_list":["post-563","page","type-page","status-publish","hentry"],"yoast_head":"<!-- This site is optimized with the Yoast SEO plugin v25.1 - https:\/\/yoast.com\/wordpress\/plugins\/seo\/ -->\n<title>Wynajem - Strefa Istnienia<\/title>\n<meta name=\"robots\" content=\"index, follow, max-snippet:-1, max-image-preview:large, max-video-preview:-1\" \/>\n<link rel=\"canonical\" href=\"https:\/\/Strefaistnienia.pl\/?page_id=563\" \/>\n<meta property=\"og:locale\" content=\"pl_PL\" \/>\n<meta property=\"og:type\" content=\"article\" \/>\n<meta property=\"og:title\" content=\"Wynajem - Strefa Istnienia\" \/>\n<meta property=\"og:description\" content=\"Witaj w BAZIE Strefy Istnienia, czyli w klimatycznej przestrzeni spotka\u0144 i warsztat\u00f3w, z kt\u00f3rej mo\u017cesz skorzysta\u0107 wed\u0142ug Twoich potrzeb! Sala Warsztatowa &#8222;BAZA&#8221; &#8211; Strefa Istnienia mie\u015bci si\u0119 niedaleko metra Imielin (oko\u0142o 500 metr\u00f3w) na ulicy Szczuki. Ca\u0142o\u015b\u0107 przestrzeni ma 45 m2, a sama cz\u0119\u015b\u0107 warsztatowa oko\u0142o 17 m2.W cz\u0119\u015bci warsztatowej jest worek treningowy (mo\u017cna zdj\u0105\u0107), [&hellip;]\" \/>\n<meta property=\"og:url\" content=\"https:\/\/Strefaistnienia.pl\/?page_id=563\" \/>\n<meta property=\"og:site_name\" content=\"Strefa Istnienia\" \/>\n<meta property=\"article:modified_time\" content=\"2025-11-10T15:59:03+00:00\" \/>\n<meta property=\"og:image\" content=\"https:\/\/Strefaistnienia.pl\/wp-content\/uploads\/2024\/02\/20230807_143348-scaled.jpg\" \/>\n\t<meta property=\"og:image:width\" content=\"2560\" \/>\n\t<meta property=\"og:image:height\" content=\"1920\" \/>\n\t<meta property=\"og:image:type\" content=\"image\/jpeg\" \/>\n<meta name=\"twitter:card\" content=\"summary_large_image\" \/>\n<meta name=\"twitter:label1\" content=\"Szacowany czas czytania\" \/>\n\t<meta name=\"twitter:data1\" content=\"3 minuty\" \/>\n<script type=\"application\/ld+json\" class=\"yoast-schema-graph\">{\"@context\":\"https:\/\/schema.org\",\"@graph\":[{\"@type\":\"WebPage\",\"@id\":\"https:\/\/Strefaistnienia.pl\/?page_id=563\",\"url\":\"https:\/\/Strefaistnienia.pl\/?page_id=563\",\"name\":\"Wynajem - Strefa Istnienia\",\"isPartOf\":{\"@id\":\"https:\/\/Strefaistnienia.pl\/#website\"},\"primaryImageOfPage\":{\"@id\":\"https:\/\/Strefaistnienia.pl\/?page_id=563#primaryimage\"},\"image\":{\"@id\":\"https:\/\/Strefaistnienia.pl\/?page_id=563#primaryimage\"},\"thumbnailUrl\":\"https:\/\/Strefaistnienia.pl\/wp-content\/uploads\/2024\/02\/20230807_143348-1024x768.jpg\",\"datePublished\":\"2024-02-15T12:56:34+00:00\",\"dateModified\":\"2025-11-10T15:59:03+00:00\",\"breadcrumb\":{\"@id\":\"https:\/\/Strefaistnienia.pl\/?page_id=563#breadcrumb\"},\"inLanguage\":\"pl-PL\",\"potentialAction\":[{\"@type\":\"ReadAction\",\"target\":[\"https:\/\/Strefaistnienia.pl\/?page_id=563\"]}]},{\"@type\":\"ImageObject\",\"inLanguage\":\"pl-PL\",\"@id\":\"https:\/\/Strefaistnienia.pl\/?page_id=563#primaryimage\",\"url\":\"https:\/\/Strefaistnienia.pl\/wp-content\/uploads\/2024\/02\/20230807_143348-scaled.jpg\",\"contentUrl\":\"https:\/\/Strefaistnienia.pl\/wp-content\/uploads\/2024\/02\/20230807_143348-scaled.jpg\",\"width\":2560,\"height\":1920},{\"@type\":\"BreadcrumbList\",\"@id\":\"https:\/\/Strefaistnienia.pl\/?page_id=563#breadcrumb\",\"itemListElement\":[{\"@type\":\"ListItem\",\"position\":1,\"name\":\"Home\",\"item\":\"https:\/\/Strefaistnienia.pl\/\"},{\"@type\":\"ListItem\",\"position\":2,\"name\":\"Wynajem\"}]},{\"@type\":\"WebSite\",\"@id\":\"https:\/\/Strefaistnienia.pl\/#website\",\"url\":\"https:\/\/Strefaistnienia.pl\/\",\"name\":\"Strefa Istnienia\",\"description\":\"\",\"publisher\":{\"@id\":\"https:\/\/Strefaistnienia.pl\/#organization\"},\"potentialAction\":[{\"@type\":\"SearchAction\",\"target\":{\"@type\":\"EntryPoint\",\"urlTemplate\":\"https:\/\/Strefaistnienia.pl\/?s={search_term_string}\"},\"query-input\":{\"@type\":\"PropertyValueSpecification\",\"valueRequired\":true,\"valueName\":\"search_term_string\"}}],\"inLanguage\":\"pl-PL\"},{\"@type\":\"Organization\",\"@id\":\"https:\/\/Strefaistnienia.pl\/#organization\",\"name\":\"Strefa Istnienia\",\"url\":\"https:\/\/Strefaistnienia.pl\/\",\"logo\":{\"@type\":\"ImageObject\",\"inLanguage\":\"pl-PL\",\"@id\":\"https:\/\/Strefaistnienia.pl\/#\/schema\/logo\/image\/\",\"url\":\"https:\/\/Strefaistnienia.pl\/wp-content\/uploads\/2024\/03\/cropped-cropped-logo-si.png\",\"contentUrl\":\"https:\/\/Strefaistnienia.pl\/wp-content\/uploads\/2024\/03\/cropped-cropped-logo-si.png\",\"width\":512,\"height\":512,\"caption\":\"Strefa Istnienia\"},\"image\":{\"@id\":\"https:\/\/Strefaistnienia.pl\/#\/schema\/logo\/image\/\"}}]}<\/script>\n<!-- \/ Yoast SEO plugin. -->","yoast_head_json":{"title":"Wynajem - Strefa Istnienia","robots":{"index":"index","follow":"follow","max-snippet":"max-snippet:-1","max-image-preview":"max-image-preview:large","max-video-preview":"max-video-preview:-1"},"canonical":"https:\/\/Strefaistnienia.pl\/?page_id=563","og_locale":"pl_PL","og_type":"article","og_title":"Wynajem - Strefa Istnienia","og_description":"Witaj w BAZIE Strefy Istnienia, czyli w klimatycznej przestrzeni spotka\u0144 i warsztat\u00f3w, z kt\u00f3rej mo\u017cesz skorzysta\u0107 wed\u0142ug Twoich potrzeb! Sala Warsztatowa &#8222;BAZA&#8221; &#8211; Strefa Istnienia mie\u015bci si\u0119 niedaleko metra Imielin (oko\u0142o 500 metr\u00f3w) na ulicy Szczuki. Ca\u0142o\u015b\u0107 przestrzeni ma 45 m2, a sama cz\u0119\u015b\u0107 warsztatowa oko\u0142o 17 m2.W cz\u0119\u015bci warsztatowej jest worek treningowy (mo\u017cna zdj\u0105\u0107), [&hellip;]","og_url":"https:\/\/Strefaistnienia.pl\/?page_id=563","og_site_name":"Strefa Istnienia","article_modified_time":"2025-11-10T15:59:03+00:00","og_image":[{"width":2560,"height":1920,"url":"https:\/\/Strefaistnienia.pl\/wp-content\/uploads\/2024\/02\/20230807_143348-scaled.jpg","type":"image\/jpeg"}],"twitter_card":"summary_large_image","twitter_misc":{"Szacowany czas czytania":"3 minuty"},"schema":{"@context":"https:\/\/schema.org","@graph":[{"@type":"WebPage","@id":"https:\/\/Strefaistnienia.pl\/?page_id=563","url":"https:\/\/Strefaistnienia.pl\/?page_id=563","name":"Wynajem - Strefa Istnienia","isPartOf":{"@id":"https:\/\/Strefaistnienia.pl\/#website"},"primaryImageOfPage":{"@id":"https:\/\/Strefaistnienia.pl\/?page_id=563#primaryimage"},"image":{"@id":"https:\/\/Strefaistnienia.pl\/?page_id=563#primaryimage"},"thumbnailUrl":"https:\/\/Strefaistnienia.pl\/wp-content\/uploads\/2024\/02\/20230807_143348-1024x768.jpg","datePublished":"2024-02-15T12:56:34+00:00","dateModified":"2025-11-10T15:59:03+00:00","breadcrumb":{"@id":"https:\/\/Strefaistnienia.pl\/?page_id=563#breadcrumb"},"inLanguage":"pl-PL","potentialAction":[{"@type":"ReadAction","target":["https:\/\/Strefaistnienia.pl\/?page_id=563"]}]},{"@type":"ImageObject","inLanguage":"pl-PL","@id":"https:\/\/Strefaistnienia.pl\/?page_id=563#primaryimage","url":"https:\/\/Strefaistnienia.pl\/wp-content\/uploads\/2024\/02\/20230807_143348-scaled.jpg","contentUrl":"https:\/\/Strefaistnienia.pl\/wp-content\/uploads\/2024\/02\/20230807_143348-scaled.jpg","width":2560,"height":1920},{"@type":"BreadcrumbList","@id":"https:\/\/Strefaistnienia.pl\/?page_id=563#breadcrumb","itemListElement":[{"@type":"ListItem","position":1,"name":"Home","item":"https:\/\/Strefaistnienia.pl\/"},{"@type":"ListItem","position":2,"name":"Wynajem"}]},{"@type":"WebSite","@id":"https:\/\/Strefaistnienia.pl\/#website","url":"https:\/\/Strefaistnienia.pl\/","name":"Strefa Istnienia","description":"","publisher":{"@id":"https:\/\/Strefaistnienia.pl\/#organization"},"potentialAction":[{"@type":"SearchAction","target":{"@type":"EntryPoint","urlTemplate":"https:\/\/Strefaistnienia.pl\/?s={search_term_string}"},"query-input":{"@type":"PropertyValueSpecification","valueRequired":true,"valueName":"search_term_string"}}],"inLanguage":"pl-PL"},{"@type":"Organization","@id":"https:\/\/Strefaistnienia.pl\/#organization","name":"Strefa Istnienia","url":"https:\/\/Strefaistnienia.pl\/","logo":{"@type":"ImageObject","inLanguage":"pl-PL","@id":"https:\/\/Strefaistnienia.pl\/#\/schema\/logo\/image\/","url":"https:\/\/Strefaistnienia.pl\/wp-content\/uploads\/2024\/03\/cropped-cropped-logo-si.png","contentUrl":"https:\/\/Strefaistnienia.pl\/wp-content\/uploads\/2024\/03\/cropped-cropped-logo-si.png","width":512,"height":512,"caption":"Strefa Istnienia"},"image":{"@id":"https:\/\/Strefaistnienia.pl\/#\/schema\/logo\/image\/"}}]}},"post_mailing_queue_ids":[],"_links":{"self":[{"href":"https:\/\/Strefaistnienia.pl\/index.php?rest_route=\/wp\/v2\/pages\/563","targetHints":{"allow":["GET"]}}],"collection":[{"href":"https:\/\/Strefaistnienia.pl\/index.php?rest_route=\/wp\/v2\/pages"}],"about":[{"href":"https:\/\/Strefaistnienia.pl\/index.php?rest_route=\/wp\/v2\/types\/page"}],"author":[{"embeddable":true,"href":"https:\/\/Strefaistnienia.pl\/index.php?rest_route=\/wp\/v2\/users\/2"}],"replies":[{"embeddable":true,"href":"https:\/\/Strefaistnienia.pl\/index.php?rest_route=%2Fwp%2Fv2%2Fcomments&post=563"}],"version-history":[{"count":23,"href":"https:\/\/Strefaistnienia.pl\/index.php?rest_route=\/wp\/v2\/pages\/563\/revisions"}],"predecessor-version":[{"id":1009,"href":"https:\/\/Strefaistnienia.pl\/index.php?rest_route=\/wp\/v2\/pages\/563\/revisions\/1009"}],"wp:attachment":[{"href":"https:\/\/Strefaistnienia.pl\/index.php?rest_route=%2Fwp%2Fv2%2Fmedia&parent=563"}],"curies":[{"name":"wp","href":"https:\/\/api.w.org\/{rel}","templated":true}]}}